{"id":381,"date":"2024-03-07T11:47:42","date_gmt":"2024-03-07T10:47:42","guid":{"rendered":"https:\/\/www.tancamentsolot.com\/quienes-somos\/"},"modified":"2024-08-14T10:43:40","modified_gmt":"2024-08-14T08:43:40","slug":"quienes-somos","status":"publish","type":"page","link":"https:\/\/www.tancamentsolot.com\/es\/quienes-somos\/","title":{"rendered":"quienes somos"},"content":{"rendered":"<p>[et_pb_section fb_built=\u00bb1&#8243; _builder_version=\u00bb4.24.2&#8243; _module_preset=\u00bbdefault\u00bb global_colors_info=\u00bb{}\u00bb theme_builder_area=\u00bbpost_content\u00bb][et_pb_row _builder_version=\u00bb4.24.2&#8243; _module_preset=\u00bbdefault\u00bb background_image=\u00bbhttp:\/\/www.tancamentsolot.com\/wp-content\/uploads\/2024\/03\/tancaments-olot-QUI-SOMMesa-de-trabajo-7.jpg\u00bb parallax=\u00bbon\u00bb width=\u00bb100%\u00bb max_width=\u00bb1600px\u00bb custom_padding=\u00bb172px|16px|172px|16px|true|true\u00bb global_colors_info=\u00bb{}\u00bb theme_builder_area=\u00bbpost_content\u00bb][et_pb_column type=\u00bb4_4&#8243; _builder_version=\u00bb4.24.2&#8243; _module_preset=\u00bbdefault\u00bb global_colors_info=\u00bb{}\u00bb theme_builder_area=\u00bbpost_content\u00bb][et_pb_text _builder_version=\u00bb4.24.2&#8243; _module_preset=\u00bbdefault\u00bb text_font=\u00bb|||on|||||\u00bb text_text_color=\u00bb#FFFFFF\u00bb text_font_size=\u00bb26px\u00bb text_letter_spacing=\u00bb5px\u00bb text_line_height=\u00bb3.2em\u00bb header_font=\u00bb||||||||\u00bb header_text_align=\u00bbcenter\u00bb header_text_color=\u00bb#FFFFFF\u00bb header_font_size=\u00bb100px\u00bb text_orientation=\u00bbcenter\u00bb header_font_size_tablet=\u00bb100px\u00bb header_font_size_phone=\u00bb66px\u00bb header_font_size_last_edited=\u00bbon|phone\u00bb header_letter_spacing_tablet=\u00bb\u00bb header_letter_spacing_phone=\u00bb-4px\u00bb header_letter_spacing_last_edited=\u00bbon|phone\u00bb global_colors_info=\u00bb{}\u00bb theme_builder_area=\u00bbpost_content\u00bb]<\/p>\n<p>tancaments olot<\/p>\n<h1>SOBRE NOSOTROS<\/h1>\n<p>[\/et_pb_text][\/et_pb_column][\/et_pb_row][\/et_pb_section][et_pb_section fb_built=\u00bb1&#8243; _builder_version=\u00bb4.24.2&#8243; _module_preset=\u00bbdefault\u00bb custom_padding=\u00bb0px|||||\u00bb global_colors_info=\u00bb{}\u00bb theme_builder_area=\u00bbpost_content\u00bb][et_pb_row column_structure=\u00bb1_4,1_4,1_4,1_4&#8243; _builder_version=\u00bb4.24.2&#8243; _module_preset=\u00bbdefault\u00bb width=\u00bb100%\u00bb max_width=\u00bb1581px\u00bb global_colors_info=\u00bb{}\u00bb theme_builder_area=\u00bbpost_content\u00bb][et_pb_column type=\u00bb1_4&#8243; _builder_version=\u00bb4.24.2&#8243; _module_preset=\u00bbdefault\u00bb global_colors_info=\u00bb{}\u00bb theme_builder_area=\u00bbpost_content\u00bb][et_pb_image src=\u00bbhttp:\/\/www.tancamentsolot.com\/wp-content\/uploads\/2024\/03\/tancaments-olot-Mesa-de-trabajo-10-1.jpg\u00bb title_text=\u00bbtancaments-olot-Mesa de trabajo 10&#8243; align=\u00bbright\u00bb align_tablet=\u00bbright\u00bb align_phone=\u00bbcenter\u00bb align_last_edited=\u00bbon|phone\u00bb _builder_version=\u00bb4.24.2&#8243; _module_preset=\u00bbdefault\u00bb global_colors_info=\u00bb{}\u00bb theme_builder_area=\u00bbpost_content\u00bb][\/et_pb_image][\/et_pb_column][et_pb_column type=\u00bb1_4&#8243; _builder_version=\u00bb4.24.2&#8243; _module_preset=\u00bbdefault\u00bb global_colors_info=\u00bb{}\u00bb theme_builder_area=\u00bbpost_content\u00bb][et_pb_text _builder_version=\u00bb4.24.2&#8243; _module_preset=\u00bbdefault\u00bb text_font=\u00bb|300|||||||\u00bb header_2_font=\u00bb||||||||\u00bb header_2_font_size=\u00bb45px\u00bb header_2_line_height=\u00bb1.2em\u00bb custom_margin=\u00bb64px||||false|false\u00bb custom_margin_tablet=\u00bb64px||||false|false\u00bb custom_margin_phone=\u00bb1px|25px||25px|false|true\u00bb custom_margin_last_edited=\u00bbon|phone\u00bb animation_style=\u00bbfade\u00bb global_colors_info=\u00bb{}\u00bb theme_builder_area=\u00bbpost_content\u00bb]<\/p>\n<p>En Tancaments Olot somos distribuidores oficiales de la marca de ventanas SUMUM, l\u00edder del mercado en ventanas de PVC y certificada por Passivhaus, ya que son las \u00fanicas ventanas con sistema de perfiles de s\u00f3lo 70 mm de profundidad que cumple las exigencias de casa pasiva, y con mejores prestaciones que otros sistemas de mayor profundidad, al obtener el nivel phB.<\/p>\n<p>[\/et_pb_text][\/et_pb_column][et_pb_column type=\u00bb1_4&#8243; _builder_version=\u00bb4.24.2&#8243; _module_preset=\u00bbdefault\u00bb global_colors_info=\u00bb{}\u00bb theme_builder_area=\u00bbpost_content\u00bb][et_pb_image src=\u00bbhttp:\/\/www.tancamentsolot.com\/wp-content\/uploads\/2024\/03\/tancaments-olot-QUI-SOMMesa-de-trabajo-8.jpg\u00bb title_text=\u00bbtancaments-olot-QUI-SOMMesa de trabajo 8&#8243; align=\u00bbright\u00bb align_tablet=\u00bbright\u00bb align_phone=\u00bbcenter\u00bb align_last_edited=\u00bbon|phone\u00bb _builder_version=\u00bb4.24.2&#8243; _module_preset=\u00bbdefault\u00bb global_colors_info=\u00bb{}\u00bb theme_builder_area=\u00bbpost_content\u00bb][\/et_pb_image][\/et_pb_column][et_pb_column type=\u00bb1_4&#8243; _builder_version=\u00bb4.24.2&#8243; _module_preset=\u00bbdefault\u00bb global_colors_info=\u00bb{}\u00bb theme_builder_area=\u00bbpost_content\u00bb][et_pb_text _builder_version=\u00bb4.24.2&#8243; _module_preset=\u00bbdefault\u00bb text_font=\u00bb|300|||||||\u00bb header_2_font=\u00bb||||||||\u00bb header_2_font_size=\u00bb45px\u00bb header_2_line_height=\u00bb1.2em\u00bb custom_margin=\u00bb66px||||false|false\u00bb custom_margin_tablet=\u00bb66px||||false|false\u00bb custom_margin_phone=\u00bb1px|25px||25px|false|true\u00bb custom_margin_last_edited=\u00bbon|phone\u00bb animation_style=\u00bbfade\u00bb global_colors_info=\u00bb{}\u00bb theme_builder_area=\u00bbpost_content\u00bb]<\/p>\n<p>Estamos dentro del grupo empresarial ROI, que nos diferencia por estar especializados en la eficiencia energ\u00e9tica, trabajando cada d\u00eda para mejorar tu bienestar. <span>Dentro del grupo ROI tenemos dos empresas asociadas que trabajamos conjuntamente para conseguir la m\u00e1xima eficiencia energ\u00e9tica y calidad con los beneficios de conseguir la mejor relaci\u00f3n calidad-precio al poder realizar las compras conjuntas como grupo empresarial. Ambas empresas del grupo son Cierres Olot e <em><strong><a href=\"http:\/\/www.lampisteriamario.com\" target=\"_blank\" rel=\"noopener\">Instalaciones y Reparaciones Mario<\/a><\/strong><\/em><\/span><\/p>\n<p>[\/et_pb_text][\/et_pb_column][\/et_pb_row][\/et_pb_section][et_pb_section fb_built=\u00bb1&#8243; _builder_version=\u00bb4.24.2&#8243; _module_preset=\u00bbdefault\u00bb custom_padding=\u00bb25px|||||\u00bb global_colors_info=\u00bb{}\u00bb theme_builder_area=\u00bbpost_content\u00bb][et_pb_row _builder_version=\u00bb4.24.2&#8243; _module_preset=\u00bbdefault\u00bb width=\u00bb100%\u00bb max_width=\u00bb1589px\u00bb custom_padding=\u00bb20px|||||\u00bb global_colors_info=\u00bb{}\u00bb theme_builder_area=\u00bbpost_content\u00bb][et_pb_column type=\u00bb4_4&#8243; _builder_version=\u00bb4.24.2&#8243; _module_preset=\u00bbdefault\u00bb global_colors_info=\u00bb{}\u00bb theme_builder_area=\u00bbpost_content\u00bb][et_pb_video src=\u00bbhttps:\/\/youtu.be\/FvKQJnjopQM\u00bb _builder_version=\u00bb4.24.2&#8243; _module_preset=\u00bbdefault\u00bb custom_margin=\u00bb4px|||||\u00bb global_colors_info=\u00bb{}\u00bb theme_builder_area=\u00bbpost_content\u00bb][\/et_pb_video][\/et_pb_column][\/et_pb_row][\/et_pb_section]<\/p>\n","protected":false},"excerpt":{"rendered":"<p>tancaments olot SOBRE NOSOTROSEn Tancaments Olot somos distribuidores oficiales de la marca de ventanas SUMUM, l\u00edder del mercado en ventanas de PVC y certificada por Passivhaus, ya que son las \u00fanicas ventanas con sistema de perfiles de s\u00f3lo 70 mm de profundidad que cumple las exigencias de casa pasiva, y con mejores prestaciones que otros [&hellip;]<\/p>\n","protected":false},"author":1,"featured_media":0,"parent":0,"menu_order":0,"comment_status":"closed","ping_status":"closed","template":"","meta":{"_et_pb_use_builder":"on","_et_pb_old_content":"","_et_gb_content_width":"","footnotes":""},"class_list":["post-381","page","type-page","status-publish","hentry"],"yoast_head":"<!-- This site is optimized with the Yoast SEO plugin v27.5 - https:\/\/yoast.com\/product\/yoast-seo-wordpress\/ -->\n<title>quienes somos - Tancaments Olot<\/title>\n<meta name=\"robots\" content=\"index, follow, max-snippet:-1, max-image-preview:large, max-video-preview:-1\" \/>\n<link rel=\"canonical\" href=\"https:\/\/www.tancamentsolot.com\/es\/quienes-somos\/\" \/>\n<meta property=\"og:locale\" content=\"es_ES\" \/>\n<meta property=\"og:type\" content=\"article\" \/>\n<meta property=\"og:title\" content=\"quienes somos - Tancaments Olot\" \/>\n<meta property=\"og:description\" content=\"tancaments olot SOBRE NOSOTROSEn Tancaments Olot somos distribuidores oficiales de la marca de ventanas SUMUM, l\u00edder del mercado en ventanas de PVC y certificada por Passivhaus, ya que son las \u00fanicas ventanas con sistema de perfiles de s\u00f3lo 70 mm de profundidad que cumple las exigencias de casa pasiva, y con mejores prestaciones que otros [&hellip;]\" \/>\n<meta property=\"og:url\" content=\"https:\/\/www.tancamentsolot.com\/es\/quienes-somos\/\" \/>\n<meta property=\"og:site_name\" content=\"Tancaments Olot\" \/>\n<meta property=\"article:publisher\" content=\"https:\/\/www.facebook.com\/tancamentsolot\/?locale=es_ES\" \/>\n<meta property=\"article:modified_time\" content=\"2024-08-14T08:43:40+00:00\" \/>\n<meta name=\"twitter:card\" content=\"summary_large_image\" \/>\n<meta name=\"twitter:label1\" content=\"Tiempo de lectura\" \/>\n\t<meta name=\"twitter:data1\" content=\"4 minutos\" \/>\n<script type=\"application\/ld+json\" class=\"yoast-schema-graph\">{\"@context\":\"https:\\\/\\\/schema.org\",\"@graph\":[{\"@type\":\"WebPage\",\"@id\":\"https:\\\/\\\/www.tancamentsolot.com\\\/es\\\/quienes-somos\\\/\",\"url\":\"https:\\\/\\\/www.tancamentsolot.com\\\/es\\\/quienes-somos\\\/\",\"name\":\"quienes somos - Tancaments Olot\",\"isPartOf\":{\"@id\":\"https:\\\/\\\/www.tancamentsolot.com\\\/es\\\/#website\"},\"datePublished\":\"2024-03-07T10:47:42+00:00\",\"dateModified\":\"2024-08-14T08:43:40+00:00\",\"breadcrumb\":{\"@id\":\"https:\\\/\\\/www.tancamentsolot.com\\\/es\\\/quienes-somos\\\/#breadcrumb\"},\"inLanguage\":\"es\",\"potentialAction\":[{\"@type\":\"ReadAction\",\"target\":[\"https:\\\/\\\/www.tancamentsolot.com\\\/es\\\/quienes-somos\\\/\"]}]},{\"@type\":\"BreadcrumbList\",\"@id\":\"https:\\\/\\\/www.tancamentsolot.com\\\/es\\\/quienes-somos\\\/#breadcrumb\",\"itemListElement\":[{\"@type\":\"ListItem\",\"position\":1,\"name\":\"Inici\",\"item\":\"https:\\\/\\\/www.tancamentsolot.com\\\/es\\\/inicio\\\/\"},{\"@type\":\"ListItem\",\"position\":2,\"name\":\"quienes somos\"}]},{\"@type\":\"WebSite\",\"@id\":\"https:\\\/\\\/www.tancamentsolot.com\\\/es\\\/#website\",\"url\":\"https:\\\/\\\/www.tancamentsolot.com\\\/es\\\/\",\"name\":\"Tancaments Olot\",\"description\":\"Empresa especialista en fusteria d\u2019alumini i PVC\",\"publisher\":{\"@id\":\"https:\\\/\\\/www.tancamentsolot.com\\\/es\\\/#organization\"},\"potentialAction\":[{\"@type\":\"SearchAction\",\"target\":{\"@type\":\"EntryPoint\",\"urlTemplate\":\"https:\\\/\\\/www.tancamentsolot.com\\\/es\\\/?s={search_term_string}\"},\"query-input\":{\"@type\":\"PropertyValueSpecification\",\"valueRequired\":true,\"valueName\":\"search_term_string\"}}],\"inLanguage\":\"es\"},{\"@type\":\"Organization\",\"@id\":\"https:\\\/\\\/www.tancamentsolot.com\\\/es\\\/#organization\",\"name\":\"Tancaments Olot\",\"url\":\"https:\\\/\\\/www.tancamentsolot.com\\\/es\\\/\",\"logo\":{\"@type\":\"ImageObject\",\"inLanguage\":\"es\",\"@id\":\"https:\\\/\\\/www.tancamentsolot.com\\\/es\\\/#\\\/schema\\\/logo\\\/image\\\/\",\"url\":\"https:\\\/\\\/www.tancamentsolot.com\\\/wp-content\\\/uploads\\\/2024\\\/03\\\/tancaments-olot-Mesa-de-trabajo-4.png\",\"contentUrl\":\"https:\\\/\\\/www.tancamentsolot.com\\\/wp-content\\\/uploads\\\/2024\\\/03\\\/tancaments-olot-Mesa-de-trabajo-4.png\",\"width\":262,\"height\":79,\"caption\":\"Tancaments Olot\"},\"image\":{\"@id\":\"https:\\\/\\\/www.tancamentsolot.com\\\/es\\\/#\\\/schema\\\/logo\\\/image\\\/\"},\"sameAs\":[\"https:\\\/\\\/www.facebook.com\\\/tancamentsolot\\\/?locale=es_ES\",\"https:\\\/\\\/www.instagram.com\\\/tancamentsolot\\\/?hl=es\"]}]}<\/script>\n<!-- \/ Yoast SEO plugin. -->","yoast_head_json":{"title":"quienes somos - Tancaments Olot","robots":{"index":"index","follow":"follow","max-snippet":"max-snippet:-1","max-image-preview":"max-image-preview:large","max-video-preview":"max-video-preview:-1"},"canonical":"https:\/\/www.tancamentsolot.com\/es\/quienes-somos\/","og_locale":"es_ES","og_type":"article","og_title":"quienes somos - Tancaments Olot","og_description":"tancaments olot SOBRE NOSOTROSEn Tancaments Olot somos distribuidores oficiales de la marca de ventanas SUMUM, l\u00edder del mercado en ventanas de PVC y certificada por Passivhaus, ya que son las \u00fanicas ventanas con sistema de perfiles de s\u00f3lo 70 mm de profundidad que cumple las exigencias de casa pasiva, y con mejores prestaciones que otros [&hellip;]","og_url":"https:\/\/www.tancamentsolot.com\/es\/quienes-somos\/","og_site_name":"Tancaments Olot","article_publisher":"https:\/\/www.facebook.com\/tancamentsolot\/?locale=es_ES","article_modified_time":"2024-08-14T08:43:40+00:00","twitter_card":"summary_large_image","twitter_misc":{"Tiempo de lectura":"4 minutos"},"schema":{"@context":"https:\/\/schema.org","@graph":[{"@type":"WebPage","@id":"https:\/\/www.tancamentsolot.com\/es\/quienes-somos\/","url":"https:\/\/www.tancamentsolot.com\/es\/quienes-somos\/","name":"quienes somos - Tancaments Olot","isPartOf":{"@id":"https:\/\/www.tancamentsolot.com\/es\/#website"},"datePublished":"2024-03-07T10:47:42+00:00","dateModified":"2024-08-14T08:43:40+00:00","breadcrumb":{"@id":"https:\/\/www.tancamentsolot.com\/es\/quienes-somos\/#breadcrumb"},"inLanguage":"es","potentialAction":[{"@type":"ReadAction","target":["https:\/\/www.tancamentsolot.com\/es\/quienes-somos\/"]}]},{"@type":"BreadcrumbList","@id":"https:\/\/www.tancamentsolot.com\/es\/quienes-somos\/#breadcrumb","itemListElement":[{"@type":"ListItem","position":1,"name":"Inici","item":"https:\/\/www.tancamentsolot.com\/es\/inicio\/"},{"@type":"ListItem","position":2,"name":"quienes somos"}]},{"@type":"WebSite","@id":"https:\/\/www.tancamentsolot.com\/es\/#website","url":"https:\/\/www.tancamentsolot.com\/es\/","name":"Tancaments Olot","description":"Empresa especialista en fusteria d\u2019alumini i PVC","publisher":{"@id":"https:\/\/www.tancamentsolot.com\/es\/#organization"},"potentialAction":[{"@type":"SearchAction","target":{"@type":"EntryPoint","urlTemplate":"https:\/\/www.tancamentsolot.com\/es\/?s={search_term_string}"},"query-input":{"@type":"PropertyValueSpecification","valueRequired":true,"valueName":"search_term_string"}}],"inLanguage":"es"},{"@type":"Organization","@id":"https:\/\/www.tancamentsolot.com\/es\/#organization","name":"Tancaments Olot","url":"https:\/\/www.tancamentsolot.com\/es\/","logo":{"@type":"ImageObject","inLanguage":"es","@id":"https:\/\/www.tancamentsolot.com\/es\/#\/schema\/logo\/image\/","url":"https:\/\/www.tancamentsolot.com\/wp-content\/uploads\/2024\/03\/tancaments-olot-Mesa-de-trabajo-4.png","contentUrl":"https:\/\/www.tancamentsolot.com\/wp-content\/uploads\/2024\/03\/tancaments-olot-Mesa-de-trabajo-4.png","width":262,"height":79,"caption":"Tancaments Olot"},"image":{"@id":"https:\/\/www.tancamentsolot.com\/es\/#\/schema\/logo\/image\/"},"sameAs":["https:\/\/www.facebook.com\/tancamentsolot\/?locale=es_ES","https:\/\/www.instagram.com\/tancamentsolot\/?hl=es"]}]}},"_links":{"self":[{"href":"https:\/\/www.tancamentsolot.com\/es\/wp-json\/wp\/v2\/pages\/381","targetHints":{"allow":["GET"]}}],"collection":[{"href":"https:\/\/www.tancamentsolot.com\/es\/wp-json\/wp\/v2\/pages"}],"about":[{"href":"https:\/\/www.tancamentsolot.com\/es\/wp-json\/wp\/v2\/types\/page"}],"author":[{"embeddable":true,"href":"https:\/\/www.tancamentsolot.com\/es\/wp-json\/wp\/v2\/users\/1"}],"replies":[{"embeddable":true,"href":"https:\/\/www.tancamentsolot.com\/es\/wp-json\/wp\/v2\/comments?post=381"}],"version-history":[{"count":3,"href":"https:\/\/www.tancamentsolot.com\/es\/wp-json\/wp\/v2\/pages\/381\/revisions"}],"predecessor-version":[{"id":489,"href":"https:\/\/www.tancamentsolot.com\/es\/wp-json\/wp\/v2\/pages\/381\/revisions\/489"}],"wp:attachment":[{"href":"https:\/\/www.tancamentsolot.com\/es\/wp-json\/wp\/v2\/media?parent=381"}],"curies":[{"name":"wp","href":"https:\/\/api.w.org\/{rel}","templated":true}]}}