{"id":385,"date":"2024-03-07T10:24:01","date_gmt":"2024-03-07T09:24:01","guid":{"rendered":"https:\/\/www.tancamentsolot.com\/contacto\/"},"modified":"2024-08-14T10:43:36","modified_gmt":"2024-08-14T08:43:36","slug":"contacto","status":"publish","type":"page","link":"https:\/\/www.tancamentsolot.com\/es\/contacto\/","title":{"rendered":"contacto"},"content":{"rendered":"<p>[et_pb_section fb_built=\u00bb1&#8243; _builder_version=\u00bb4.24.2&#8243; _module_preset=\u00bbdefault\u00bb global_colors_info=\u00bb{}\u00bb theme_builder_area=\u00bbpost_content\u00bb][et_pb_row _builder_version=\u00bb4.24.2&#8243; _module_preset=\u00bbdefault\u00bb background_image=\u00bbhttp:\/\/www.tancamentsolot.com\/wp-content\/uploads\/2024\/03\/tancaments-olot-contacteMesa-de-trabajo-9.jpg\u00bb parallax=\u00bbon\u00bb width=\u00bb100%\u00bb max_width=\u00bb1600px\u00bb custom_padding=\u00bb172px|16px|172px|16px|true|true\u00bb global_colors_info=\u00bb{}\u00bb theme_builder_area=\u00bbpost_content\u00bb][et_pb_column type=\u00bb4_4&#8243; _builder_version=\u00bb4.24.2&#8243; _module_preset=\u00bbdefault\u00bb global_colors_info=\u00bb{}\u00bb theme_builder_area=\u00bbpost_content\u00bb][et_pb_text _builder_version=\u00bb4.24.2&#8243; _module_preset=\u00bbdefault\u00bb text_font=\u00bb|||on|||||\u00bb text_text_color=\u00bb#FFFFFF\u00bb text_font_size=\u00bb26px\u00bb text_letter_spacing=\u00bb5px\u00bb text_line_height=\u00bb3.2em\u00bb header_font=\u00bb||||||||\u00bb header_text_align=\u00bbcenter\u00bb header_text_color=\u00bb#FFFFFF\u00bb header_font_size=\u00bb100px\u00bb text_orientation=\u00bbcenter\u00bb header_font_size_tablet=\u00bb100px\u00bb header_font_size_phone=\u00bb66px\u00bb header_font_size_last_edited=\u00bbon|phone\u00bb header_letter_spacing_tablet=\u00bb\u00bb header_letter_spacing_phone=\u00bb-4px\u00bb header_letter_spacing_last_edited=\u00bbon|phone\u00bb global_colors_info=\u00bb{}\u00bb theme_builder_area=\u00bbpost_content\u00bb]<\/p>\n<p>tancaments olot<\/p>\n<h1>contacto<\/h1>\n<p>[\/et_pb_text][\/et_pb_column][\/et_pb_row][\/et_pb_section][et_pb_section fb_built=\u00bb1&#8243; _builder_version=\u00bb4.24.2&#8243; _module_preset=\u00bbdefault\u00bb background_color=\u00bbrgba(255,255,255,0.52)\u00bb background_enable_image=\u00bboff\u00bb background_size=\u00bbinitial\u00bb background_position=\u00bbbottom_right\u00bb background_horizontal_offset=\u00bb-3%\u00bb background_vertical_offset=\u00bb60%\u00bb background_blend=\u00bbscreen\u00bb custom_padding=\u00bb||90px|||\u00bb global_colors_info=\u00bb{}\u00bb theme_builder_area=\u00bbpost_content\u00bb][et_pb_row column_structure=\u00bb1_2,1_2&#8243; use_custom_gutter=\u00bbon\u00bb _builder_version=\u00bb4.24.2&#8243; _module_preset=\u00bbdefault\u00bb width=\u00bb100%\u00bb max_width=\u00bb1600px\u00bb custom_margin=\u00bb-7px|auto||auto||\u00bb global_colors_info=\u00bb{}\u00bb theme_builder_area=\u00bbpost_content\u00bb][et_pb_column type=\u00bb1_2&#8243; _builder_version=\u00bb4.24.2&#8243; _module_preset=\u00bbdefault\u00bb global_colors_info=\u00bb{}\u00bb theme_builder_area=\u00bbpost_content\u00bb][et_pb_image src=\u00bbhttp:\/\/www.tancamentsolot.com\/wp-content\/uploads\/2024\/03\/tancaments-olot-contacteMesa-de-trabajo-10.jpg\u00bb title_text=\u00bbtancaments-olot-contacteMesa de trabajo 10&#8243; _builder_version=\u00bb4.24.2&#8243; _module_preset=\u00bbdefault\u00bb global_colors_info=\u00bb{}\u00bb theme_builder_area=\u00bbpost_content\u00bb][\/et_pb_image][\/et_pb_column][et_pb_column type=\u00bb1_2&#8243; _builder_version=\u00bb4.24.2&#8243; _module_preset=\u00bbdefault\u00bb custom_padding=\u00bb|140px|||false|false\u00bb custom_padding_tablet=\u00bb|285px|||false|false\u00bb custom_padding_phone=\u00bb|17px||17px|false|true\u00bb custom_padding_last_edited=\u00bbon|phone\u00bb global_colors_info=\u00bb{}\u00bb theme_builder_area=\u00bbpost_content\u00bb][et_pb_text _builder_version=\u00bb4.24.2&#8243; _module_preset=\u00bbdefault\u00bb text_font=\u00bb|300|||||||\u00bb header_2_font=\u00bb||||||||\u00bb header_2_font_size=\u00bb45px\u00bb custom_margin=\u00bb2px|||||\u00bb animation_style=\u00bbfade\u00bb global_colors_info=\u00bb{}\u00bb theme_builder_area=\u00bbpost_content\u00bb]<\/p>\n<h2>Contacta con nosotros<\/h2>\n<p>[\/et_pb_text][et_pb_divider divider_weight=\u00bb2px\u00bb _builder_version=\u00bb4.24.2&#8243; _module_preset=\u00bbdefault\u00bb width=\u00bb21%\u00bb custom_margin=\u00bb-16px||-28px||false|false\u00bb global_colors_info=\u00bb{}\u00bb theme_builder_area=\u00bbpost_content\u00bb][\/et_pb_divider][et_pb_text _builder_version=\u00bb4.24.2&#8243; _module_preset=\u00bbdefault\u00bb text_font=\u00bb|300|||||||\u00bb header_2_font=\u00bb||||||||\u00bb header_2_font_size=\u00bb45px\u00bb header_2_line_height=\u00bb1.2em\u00bb custom_margin=\u00bb41px|||||\u00bb animation_style=\u00bbfade\u00bb global_colors_info=\u00bb{}\u00bb theme_builder_area=\u00bbpost_content\u00bb]<\/p>\n<p>Estaremos encantados de poder ayudarte con lo que necesites. Ll\u00e1manos o env\u00eda un correo electr\u00f3nico y te haremos un presupuesto con estudio t\u00e9cnico sin compromiso.<\/p>\n<p>[\/et_pb_text][et_pb_blurb title=\u00bbDirecci\u00f3n:\u00bb use_icon=\u00bbon\u00bb font_icon=\u00bb&#xe081;||divi||400&#8243; icon_placement=\u00bbleft\u00bb image_icon_width=\u00bb193%\u00bb _builder_version=\u00bb4.24.2&#8243; _module_preset=\u00bbdefault\u00bb header_font=\u00bb|600|||||||\u00bb header_font_size=\u00bb20px\u00bb body_font=\u00bb|300|||||||\u00bb body_text_align=\u00bbleft\u00bb image_icon_custom_margin=\u00bb0px||-16px||false|false\u00bb image_icon_custom_padding=\u00bb|0px|||false|false\u00bb custom_margin=\u00bb52px||||false|false\u00bb custom_margin_tablet=\u00bb52px|||54px|false|false\u00bb custom_margin_phone=\u00bb|25px||0px|false|false\u00bb custom_margin_last_edited=\u00bbon|phone\u00bb global_colors_info=\u00bb{}\u00bb theme_builder_area=\u00bbpost_content\u00bb]<\/p>\n<p><span>Av. Antoni Gaud\u00ed 3, Olot<\/span><\/p>\n<p>[\/et_pb_blurb][et_pb_blurb title=\u00bbHorario de apertura:\u00bb use_icon=\u00bbon\u00bb font_icon=\u00bb&#xe060;||divi||400&#8243; icon_placement=\u00bbleft\u00bb image_icon_width=\u00bb193%\u00bb _builder_version=\u00bb4.24.2&#8243; _module_preset=\u00bbdefault\u00bb header_font=\u00bb|600|||||||\u00bb header_font_size=\u00bb20px\u00bb body_font=\u00bb|300|||||||\u00bb body_text_align=\u00bbleft\u00bb image_icon_custom_margin=\u00bb0px||-16px||false|false\u00bb image_icon_custom_padding=\u00bb|0px|||false|false\u00bb custom_margin=\u00bb52px||||false|false\u00bb custom_margin_tablet=\u00bb52px|||54px|false|false\u00bb custom_margin_phone=\u00bb|25px||0px|false|false\u00bb custom_margin_last_edited=\u00bbon|phone\u00bb global_colors_info=\u00bb{}\u00bb theme_builder_area=\u00bbpost_content\u00bb]<\/p>\n<p><span>De lunes a viernes de 09h a 13h y de 15-18h. Para visitas en otros horarios, concierte una cita previa. <\/span><\/p>\n<p>[\/et_pb_blurb][et_pb_blurb title=\u00bbTel\u00e9fonos:\u00bb use_icon=\u00bbon\u00bb font_icon=\u00bb&#xe090;||divi||400&#8243; icon_placement=\u00bbleft\u00bb image_icon_width=\u00bb193%\u00bb _builder_version=\u00bb4.24.2&#8243; _module_preset=\u00bbdefault\u00bb header_font=\u00bb|600|||||||\u00bb header_font_size=\u00bb20px\u00bb body_font=\u00bb|300|||||||\u00bb body_text_align=\u00bbleft\u00bb image_icon_custom_margin=\u00bb0px||-16px||false|false\u00bb image_icon_custom_padding=\u00bb|0px|||false|false\u00bb custom_margin=\u00bb52px||||false|false\u00bb custom_margin_tablet=\u00bb52px|||54px|false|false\u00bb custom_margin_phone=\u00bb|25px||0px|false|false\u00bb custom_margin_last_edited=\u00bbon|phone\u00bb global_colors_info=\u00bb{}\u00bb theme_builder_area=\u00bbpost_content\u00bb]<\/p>\n<ul>\n<li>972 262 661<\/li>\n<li>621 228 398<\/li>\n<\/ul>\n<p>[\/et_pb_blurb][et_pb_blurb title=\u00bbCorreo electr\u00f3nico:\u00bb use_icon=\u00bbon\u00bb font_icon=\u00bb&#xe090;||divi||400&#8243; icon_placement=\u00bbleft\u00bb image_icon_width=\u00bb193%\u00bb _builder_version=\u00bb4.24.2&#8243; _module_preset=\u00bbdefault\u00bb header_font=\u00bb|600|||||||\u00bb header_font_size=\u00bb20px\u00bb body_font=\u00bb|300|||||||\u00bb body_text_align=\u00bbleft\u00bb image_icon_custom_margin=\u00bb0px||-16px||false|false\u00bb image_icon_custom_padding=\u00bb|0px|||false|false\u00bb custom_margin=\u00bb52px||||false|false\u00bb custom_margin_tablet=\u00bb52px|||54px|false|false\u00bb custom_margin_phone=\u00bb|25px||0px|false|false\u00bb custom_margin_last_edited=\u00bbon|phone\u00bb global_colors_info=\u00bb{}\u00bb theme_builder_area=\u00bbpost_content\u00bb]<\/p>\n<p>info@tancamentsolot.com<\/p>\n<p>[\/et_pb_blurb][et_pb_blurb use_icon=\u00bbon\u00bb font_icon=\u00bb&#xe0aa;||divi||400&#8243; icon_placement=\u00bbleft\u00bb image_icon_width=\u00bb193%\u00bb _builder_version=\u00bb4.24.2&#8243; _module_preset=\u00bbdefault\u00bb header_font=\u00bb|600|||||||\u00bb header_font_size=\u00bb20px\u00bb body_font=\u00bb|300|||||||\u00bb body_text_align=\u00bbleft\u00bb image_icon_custom_margin=\u00bb0px||-16px||false|false\u00bb image_icon_custom_padding=\u00bb|0px|||false|false\u00bb custom_margin=\u00bb52px||14px||false|false\u00bb custom_margin_tablet=\u00bb52px|||54px|false|false\u00bb custom_margin_phone=\u00bb|25px||0px|false|false\u00bb custom_margin_last_edited=\u00bbon|phone\u00bb link_option_url=\u00bbhttps:\/\/www.facebook.com\/tancamentsolot\/?locale=es_ES\u00bb link_option_url_new_window=\u00bbon\u00bb global_colors_info=\u00bb{}\u00bb theme_builder_area=\u00bbpost_content\u00bb]<\/p>\n<p>Facebook<\/p>\n<p>[\/et_pb_blurb][et_pb_blurb use_icon=\u00bbon\u00bb font_icon=\u00bb&#xe0b1;||divi||400&#8243; icon_placement=\u00bbleft\u00bb image_icon_width=\u00bb193%\u00bb _builder_version=\u00bb4.24.2&#8243; _module_preset=\u00bbdefault\u00bb header_font=\u00bb|600|||||||\u00bb header_font_size=\u00bb20px\u00bb body_font=\u00bb|300|||||||\u00bb body_text_align=\u00bbleft\u00bb image_icon_custom_margin=\u00bb0px||-16px||false|false\u00bb image_icon_custom_padding=\u00bb|0px|||false|false\u00bb custom_margin=\u00bb9px||||false|false\u00bb custom_margin_tablet=\u00bb52px|||54px|false|false\u00bb custom_margin_phone=\u00bb|25px||0px|false|false\u00bb custom_margin_last_edited=\u00bbon|phone\u00bb link_option_url=\u00bbhttps:\/\/www.instagram.com\/tancamentsolot\/?hl=es\u00bb link_option_url_new_window=\u00bbon\u00bb global_colors_info=\u00bb{}\u00bb theme_builder_area=\u00bbpost_content\u00bb]<\/p>\n<p>Instagram<\/p>\n<p>[\/et_pb_blurb][\/et_pb_column][\/et_pb_row][\/et_pb_section][et_pb_section fb_built=\u00bb1&#8243; _builder_version=\u00bb4.24.2&#8243; _module_preset=\u00bbdefault\u00bb custom_padding=\u00bb25px|||||\u00bb global_colors_info=\u00bb{}\u00bb theme_builder_area=\u00bbpost_content\u00bb][et_pb_row _builder_version=\u00bb4.24.2&#8243; _module_preset=\u00bbdefault\u00bb width=\u00bb100%\u00bb max_width=\u00bb1589px\u00bb global_colors_info=\u00bb{}\u00bb theme_builder_area=\u00bbpost_content\u00bb][et_pb_column type=\u00bb4_4&#8243; _builder_version=\u00bb4.24.2&#8243; _module_preset=\u00bbdefault\u00bb global_colors_info=\u00bb{}\u00bb theme_builder_area=\u00bbpost_content\u00bb][et_pb_text _builder_version=\u00bb4.24.2&#8243; _module_preset=\u00bbdefault\u00bb global_colors_info=\u00bb{}\u00bb theme_builder_area=\u00bbpost_content\u00bb]<iframe src=\"https:\/\/www.google.com\/maps\/embed?pb=!1m18!1m12!1m3!1d2957.3181751027573!2d2.469315076470483!3d42.164875247409924!2m3!1f0!2f0!3f0!3m2!1i1024!2i768!4f13.1!3m3!1m2!1s0x12bacb2108f62275%3A0x1f0e5efe67bab261!2sTancaments%20Olot!5e0!3m2!1sca!2ses!4v1709739056216!5m2!1sca!2ses\" width=\"100%\" height=\"450\" style=\"border:0;\" allowfullscreen=\"\" loading=\"lazy\" referrerpolicy=\"no-referrer-when-downgrade\"><\/iframe>[\/et_pb_text][\/et_pb_column][\/et_pb_row][\/et_pb_section]<\/p>\n","protected":false},"excerpt":{"rendered":"<p>tancaments olot contactoContacta con nosotrosEstaremos encantados de poder ayudarte con lo que necesites. Ll\u00e1manos o env\u00eda un correo electr\u00f3nico y te haremos un presupuesto con estudio t\u00e9cnico sin compromiso.Av. Antoni Gaud\u00ed 3, OlotDe lunes a viernes de 09h a 13h y de 15-18h. Para visitas en otros horarios, concierte una cita previa. 972 262 661 [&hellip;]<\/p>\n","protected":false},"author":1,"featured_media":0,"parent":0,"menu_order":0,"comment_status":"closed","ping_status":"closed","template":"","meta":{"_et_pb_use_builder":"on","_et_pb_old_content":"","_et_gb_content_width":"","footnotes":""},"class_list":["post-385","page","type-page","status-publish","hentry"],"yoast_head":"<!-- This site is optimized with the Yoast SEO plugin v27.5 - https:\/\/yoast.com\/product\/yoast-seo-wordpress\/ -->\n<title>contacto - Tancaments Olot<\/title>\n<meta name=\"robots\" content=\"index, follow, max-snippet:-1, max-image-preview:large, max-video-preview:-1\" \/>\n<link rel=\"canonical\" href=\"https:\/\/www.tancamentsolot.com\/es\/contacto\/\" \/>\n<meta property=\"og:locale\" content=\"es_ES\" \/>\n<meta property=\"og:type\" content=\"article\" \/>\n<meta property=\"og:title\" content=\"contacto - Tancaments Olot\" \/>\n<meta property=\"og:description\" content=\"tancaments olot contactoContacta con nosotrosEstaremos encantados de poder ayudarte con lo que necesites. Ll\u00e1manos o env\u00eda un correo electr\u00f3nico y te haremos un presupuesto con estudio t\u00e9cnico sin compromiso.Av. Antoni Gaud\u00ed 3, OlotDe lunes a viernes de 09h a 13h y de 15-18h. Para visitas en otros horarios, concierte una cita previa. 972 262 661 [&hellip;]\" \/>\n<meta property=\"og:url\" content=\"https:\/\/www.tancamentsolot.com\/es\/contacto\/\" \/>\n<meta property=\"og:site_name\" content=\"Tancaments Olot\" \/>\n<meta property=\"article:publisher\" content=\"https:\/\/www.facebook.com\/tancamentsolot\/?locale=es_ES\" \/>\n<meta property=\"article:modified_time\" content=\"2024-08-14T08:43:36+00:00\" \/>\n<meta name=\"twitter:card\" content=\"summary_large_image\" \/>\n<meta name=\"twitter:label1\" content=\"Tiempo de lectura\" \/>\n\t<meta name=\"twitter:data1\" content=\"6 minutos\" \/>\n<script type=\"application\/ld+json\" class=\"yoast-schema-graph\">{\"@context\":\"https:\\\/\\\/schema.org\",\"@graph\":[{\"@type\":\"WebPage\",\"@id\":\"https:\\\/\\\/www.tancamentsolot.com\\\/es\\\/contacto\\\/\",\"url\":\"https:\\\/\\\/www.tancamentsolot.com\\\/es\\\/contacto\\\/\",\"name\":\"contacto - Tancaments Olot\",\"isPartOf\":{\"@id\":\"https:\\\/\\\/www.tancamentsolot.com\\\/es\\\/#website\"},\"datePublished\":\"2024-03-07T09:24:01+00:00\",\"dateModified\":\"2024-08-14T08:43:36+00:00\",\"breadcrumb\":{\"@id\":\"https:\\\/\\\/www.tancamentsolot.com\\\/es\\\/contacto\\\/#breadcrumb\"},\"inLanguage\":\"es\",\"potentialAction\":[{\"@type\":\"ReadAction\",\"target\":[\"https:\\\/\\\/www.tancamentsolot.com\\\/es\\\/contacto\\\/\"]}]},{\"@type\":\"BreadcrumbList\",\"@id\":\"https:\\\/\\\/www.tancamentsolot.com\\\/es\\\/contacto\\\/#breadcrumb\",\"itemListElement\":[{\"@type\":\"ListItem\",\"position\":1,\"name\":\"Inici\",\"item\":\"https:\\\/\\\/www.tancamentsolot.com\\\/es\\\/inicio\\\/\"},{\"@type\":\"ListItem\",\"position\":2,\"name\":\"contacto\"}]},{\"@type\":\"WebSite\",\"@id\":\"https:\\\/\\\/www.tancamentsolot.com\\\/es\\\/#website\",\"url\":\"https:\\\/\\\/www.tancamentsolot.com\\\/es\\\/\",\"name\":\"Tancaments Olot\",\"description\":\"Empresa especialista en fusteria d\u2019alumini i PVC\",\"publisher\":{\"@id\":\"https:\\\/\\\/www.tancamentsolot.com\\\/es\\\/#organization\"},\"potentialAction\":[{\"@type\":\"SearchAction\",\"target\":{\"@type\":\"EntryPoint\",\"urlTemplate\":\"https:\\\/\\\/www.tancamentsolot.com\\\/es\\\/?s={search_term_string}\"},\"query-input\":{\"@type\":\"PropertyValueSpecification\",\"valueRequired\":true,\"valueName\":\"search_term_string\"}}],\"inLanguage\":\"es\"},{\"@type\":\"Organization\",\"@id\":\"https:\\\/\\\/www.tancamentsolot.com\\\/es\\\/#organization\",\"name\":\"Tancaments Olot\",\"url\":\"https:\\\/\\\/www.tancamentsolot.com\\\/es\\\/\",\"logo\":{\"@type\":\"ImageObject\",\"inLanguage\":\"es\",\"@id\":\"https:\\\/\\\/www.tancamentsolot.com\\\/es\\\/#\\\/schema\\\/logo\\\/image\\\/\",\"url\":\"https:\\\/\\\/www.tancamentsolot.com\\\/wp-content\\\/uploads\\\/2024\\\/03\\\/tancaments-olot-Mesa-de-trabajo-4.png\",\"contentUrl\":\"https:\\\/\\\/www.tancamentsolot.com\\\/wp-content\\\/uploads\\\/2024\\\/03\\\/tancaments-olot-Mesa-de-trabajo-4.png\",\"width\":262,\"height\":79,\"caption\":\"Tancaments Olot\"},\"image\":{\"@id\":\"https:\\\/\\\/www.tancamentsolot.com\\\/es\\\/#\\\/schema\\\/logo\\\/image\\\/\"},\"sameAs\":[\"https:\\\/\\\/www.facebook.com\\\/tancamentsolot\\\/?locale=es_ES\",\"https:\\\/\\\/www.instagram.com\\\/tancamentsolot\\\/?hl=es\"]}]}<\/script>\n<!-- \/ Yoast SEO plugin. -->","yoast_head_json":{"title":"contacto - Tancaments Olot","robots":{"index":"index","follow":"follow","max-snippet":"max-snippet:-1","max-image-preview":"max-image-preview:large","max-video-preview":"max-video-preview:-1"},"canonical":"https:\/\/www.tancamentsolot.com\/es\/contacto\/","og_locale":"es_ES","og_type":"article","og_title":"contacto - Tancaments Olot","og_description":"tancaments olot contactoContacta con nosotrosEstaremos encantados de poder ayudarte con lo que necesites. Ll\u00e1manos o env\u00eda un correo electr\u00f3nico y te haremos un presupuesto con estudio t\u00e9cnico sin compromiso.Av. Antoni Gaud\u00ed 3, OlotDe lunes a viernes de 09h a 13h y de 15-18h. Para visitas en otros horarios, concierte una cita previa. 972 262 661 [&hellip;]","og_url":"https:\/\/www.tancamentsolot.com\/es\/contacto\/","og_site_name":"Tancaments Olot","article_publisher":"https:\/\/www.facebook.com\/tancamentsolot\/?locale=es_ES","article_modified_time":"2024-08-14T08:43:36+00:00","twitter_card":"summary_large_image","twitter_misc":{"Tiempo de lectura":"6 minutos"},"schema":{"@context":"https:\/\/schema.org","@graph":[{"@type":"WebPage","@id":"https:\/\/www.tancamentsolot.com\/es\/contacto\/","url":"https:\/\/www.tancamentsolot.com\/es\/contacto\/","name":"contacto - Tancaments Olot","isPartOf":{"@id":"https:\/\/www.tancamentsolot.com\/es\/#website"},"datePublished":"2024-03-07T09:24:01+00:00","dateModified":"2024-08-14T08:43:36+00:00","breadcrumb":{"@id":"https:\/\/www.tancamentsolot.com\/es\/contacto\/#breadcrumb"},"inLanguage":"es","potentialAction":[{"@type":"ReadAction","target":["https:\/\/www.tancamentsolot.com\/es\/contacto\/"]}]},{"@type":"BreadcrumbList","@id":"https:\/\/www.tancamentsolot.com\/es\/contacto\/#breadcrumb","itemListElement":[{"@type":"ListItem","position":1,"name":"Inici","item":"https:\/\/www.tancamentsolot.com\/es\/inicio\/"},{"@type":"ListItem","position":2,"name":"contacto"}]},{"@type":"WebSite","@id":"https:\/\/www.tancamentsolot.com\/es\/#website","url":"https:\/\/www.tancamentsolot.com\/es\/","name":"Tancaments Olot","description":"Empresa especialista en fusteria d\u2019alumini i PVC","publisher":{"@id":"https:\/\/www.tancamentsolot.com\/es\/#organization"},"potentialAction":[{"@type":"SearchAction","target":{"@type":"EntryPoint","urlTemplate":"https:\/\/www.tancamentsolot.com\/es\/?s={search_term_string}"},"query-input":{"@type":"PropertyValueSpecification","valueRequired":true,"valueName":"search_term_string"}}],"inLanguage":"es"},{"@type":"Organization","@id":"https:\/\/www.tancamentsolot.com\/es\/#organization","name":"Tancaments Olot","url":"https:\/\/www.tancamentsolot.com\/es\/","logo":{"@type":"ImageObject","inLanguage":"es","@id":"https:\/\/www.tancamentsolot.com\/es\/#\/schema\/logo\/image\/","url":"https:\/\/www.tancamentsolot.com\/wp-content\/uploads\/2024\/03\/tancaments-olot-Mesa-de-trabajo-4.png","contentUrl":"https:\/\/www.tancamentsolot.com\/wp-content\/uploads\/2024\/03\/tancaments-olot-Mesa-de-trabajo-4.png","width":262,"height":79,"caption":"Tancaments Olot"},"image":{"@id":"https:\/\/www.tancamentsolot.com\/es\/#\/schema\/logo\/image\/"},"sameAs":["https:\/\/www.facebook.com\/tancamentsolot\/?locale=es_ES","https:\/\/www.instagram.com\/tancamentsolot\/?hl=es"]}]}},"_links":{"self":[{"href":"https:\/\/www.tancamentsolot.com\/es\/wp-json\/wp\/v2\/pages\/385","targetHints":{"allow":["GET"]}}],"collection":[{"href":"https:\/\/www.tancamentsolot.com\/es\/wp-json\/wp\/v2\/pages"}],"about":[{"href":"https:\/\/www.tancamentsolot.com\/es\/wp-json\/wp\/v2\/types\/page"}],"author":[{"embeddable":true,"href":"https:\/\/www.tancamentsolot.com\/es\/wp-json\/wp\/v2\/users\/1"}],"replies":[{"embeddable":true,"href":"https:\/\/www.tancamentsolot.com\/es\/wp-json\/wp\/v2\/comments?post=385"}],"version-history":[{"count":3,"href":"https:\/\/www.tancamentsolot.com\/es\/wp-json\/wp\/v2\/pages\/385\/revisions"}],"predecessor-version":[{"id":480,"href":"https:\/\/www.tancamentsolot.com\/es\/wp-json\/wp\/v2\/pages\/385\/revisions\/480"}],"wp:attachment":[{"href":"https:\/\/www.tancamentsolot.com\/es\/wp-json\/wp\/v2\/media?parent=385"}],"curies":[{"name":"wp","href":"https:\/\/api.w.org\/{rel}","templated":true}]}}